{"id":41607,"date":"2022-07-26T08:20:41","date_gmt":"2022-07-26T07:20:41","guid":{"rendered":"http:\/\/ev-innovation-group.com\/?page_id=41607"},"modified":"2023-12-05T13:57:56","modified_gmt":"2023-12-05T13:57:56","slug":"so-funktionierts","status":"publish","type":"page","link":"https:\/\/ev-innovation-group.com\/en\/so-funktionierts\/","title":{"rendered":"How It Works"},"content":{"rendered":"<h1>How It Works<\/h1>\n\n\n\n<p><strong>Energy consulting<\/strong> <\/p>\n\n\n\n<p>The EV-IG team organizes an onsite consultation. During this, the customer and his technical team are informed about the different solutions that can be used for their specific location.<\/p>\n\n\n\n<p><strong>Feasibility Study<\/strong> <\/p>\n\n\n\n<p>A feasibility study will be conducted that includes the following:<br> - Current electrical use<br>- Future use cases such as e-mobility.<br>Our technical team will prepare a report showing the best technical solution for the site: solar, battery, wind, hydrogen and future proofing the system for all e-mobility needs, etc.<\/p>\n\n\n\n<p><strong>Proposal <\/strong><\/p>\n\n\n\n<p> A proposal with all relevant solutions will be  submitted to the customer for review. The customer has the opportunity to discuss his preferred solution. After this discussion, a follow-up meeting is held within 2 weeks to discuss the agreed solution.<br>At this meeting, the financial aspects and the possible schedule will be clarified.<\/p>\n\n\n\n<p><strong>Planning<\/strong> <\/p>\n\n\n\n<p>The engineering planning and design will be developed with project management teams to create an installation schedule that will be coordinated with partner contractors for delivery of required materials.<\/p>\n\n\n\n<p><strong>Installation<\/strong> <\/p>\n\n\n\n<p>Based on the project management plan, on-site teams prepare the site for the installation of the preferred solutions. The installation is monitored for safety and schedule throughout the project.<\/p>\n\n\n\n<p><strong>Commissioning<\/strong><\/p>\n\n\n\n<p> The installation is put into operation as soon as all the necessary safety checks have been completed in accordance with the required standards. EV-IG then trains the customer and hands over the solution.<\/p>\n\n\n\n<p><strong>Energy Visualisation<\/strong><\/p>\n\n\n\n<p> Depending on the chosen solution, the customer is trained in the use of the delivered software. Within the software, the customer has access to all available energy data.<\/p>\n\n\n\n<p><strong>Maintenance and Service<\/strong><\/p>\n\n\n\n<p> A maintenance schedule is established to ensure that the optimum energy is always generated. A team of qualified engineers is ready to support the customer.<\/p>\n\n\n\n<div class=\"wp-container-1 wp-block-buttons\">\n<div class=\"wp-block-button\"><a class=\"wp-block-button__link has-background\" href=\"https:\/\/ev-innovation-group.com\/en\/kontakt\/\" style=\"border-radius:0px;background-color:#2fbba6\">Contact Us<\/a><\/div>\n<\/div>\n\n\n\n<p><\/p>","protected":false},"excerpt":{"rendered":"<p>So funktioniert&#8217;s Energieberatung Das EV-IG-Team organisiert ein Beratungsgespr\u00e4ch. Dabei werden Kunde und sein technisches Team vor Ort \u00fcber die verschiedenen L\u00f6sungen informiert, die f\u00fcr ihren Standort genutzt werden k\u00f6nnen. Machbarkeitsanalyse Es wird eine Machbarkeitsanalyse durchgef\u00fchrt, die Folgendes umfasst: &#8211; Aktuelle elektrische Nutzung&#8211; Zuk\u00fcnftige Anwendungsf\u00e4lle wie z.B. E-Mobilit\u00e4tUnser technisches Team wird einen Bericht erstellen, der die [&hellip;]<\/p>","protected":false},"author":1,"featured_media":41799,"parent":0,"menu_order":0,"comment_status":"closed","ping_status":"closed","template":"what-we-do.php","meta":[],"yoast_head":"<!-- This site is optimized with the Yoast SEO plugin v19.6 - https:\/\/yoast.com\/wordpress\/plugins\/seo\/ -->\n<title>So funktioniert&#039;s - EVIG<\/title>\n<meta name=\"description\" content=\"Beratung, Gr\u00fcne Energie, Solar, Batterie, EV-Ladeger\u00e4t, Windenergie, Vollst\u00e4ndige End-to-End-L\u00f6sung f\u00fcr Unternehmen\" \/>\n<meta name=\"robots\" content=\"index, follow, max-snippet:-1, max-image-preview:large, max-video-preview:-1\" \/>\n<link rel=\"canonical\" href=\"https:\/\/ev-innovation-group.com\/en\/so-funktionierts\/\" \/>\n<meta property=\"og:locale\" content=\"en_GB\" \/>\n<meta property=\"og:type\" content=\"article\" \/>\n<meta property=\"og:title\" content=\"So funktioniert&#039;s - EVIG\" \/>\n<meta property=\"og:description\" content=\"Beratung, Gr\u00fcne Energie, Solar, Batterie, EV-Ladeger\u00e4t, Windenergie, Vollst\u00e4ndige End-to-End-L\u00f6sung f\u00fcr Unternehmen\" \/>\n<meta property=\"og:url\" content=\"https:\/\/ev-innovation-group.com\/en\/so-funktionierts\/\" \/>\n<meta property=\"og:site_name\" content=\"EVIG\" \/>\n<meta property=\"article:modified_time\" content=\"2023-12-05T13:57:56+00:00\" \/>\n<meta name=\"twitter:card\" content=\"summary_large_image\" \/>\n<meta name=\"twitter:image\" content=\"https:\/\/ev-innovation-group.com\/wp-content\/uploads\/2022\/09\/current-what-we-do.svg\" \/>\n<meta name=\"twitter:label1\" content=\"Estimated reading time\" \/>\n\t<meta name=\"twitter:data1\" content=\"2 minutes\" \/>\n<script type=\"application\/ld+json\" class=\"yoast-schema-graph\">{\"@context\":\"https:\/\/schema.org\",\"@graph\":[{\"@type\":\"WebPage\",\"@id\":\"https:\/\/ev-innovation-group.com\/so-funktionierts\/\",\"url\":\"https:\/\/ev-innovation-group.com\/so-funktionierts\/\",\"name\":\"So funktioniert's - EVIG\",\"isPartOf\":{\"@id\":\"https:\/\/ev-innovation-group.com\/#website\"},\"datePublished\":\"2022-07-26T07:20:41+00:00\",\"dateModified\":\"2023-12-05T13:57:56+00:00\",\"description\":\"Beratung, Gr\u00fcne Energie, Solar, Batterie, EV-Ladeger\u00e4t, Windenergie, Vollst\u00e4ndige End-to-End-L\u00f6sung f\u00fcr Unternehmen\",\"breadcrumb\":{\"@id\":\"https:\/\/ev-innovation-group.com\/so-funktionierts\/#breadcrumb\"},\"inLanguage\":\"en-GB\",\"potentialAction\":[{\"@type\":\"ReadAction\",\"target\":[\"https:\/\/ev-innovation-group.com\/so-funktionierts\/\"]}]},{\"@type\":\"BreadcrumbList\",\"@id\":\"https:\/\/ev-innovation-group.com\/so-funktionierts\/#breadcrumb\",\"itemListElement\":[{\"@type\":\"ListItem\",\"position\":1,\"name\":\"Home\",\"item\":\"https:\/\/ev-innovation-group.com\/\"},{\"@type\":\"ListItem\",\"position\":2,\"name\":\"So funktioniert&#8217;s\"}]},{\"@type\":\"WebSite\",\"@id\":\"https:\/\/ev-innovation-group.com\/#website\",\"url\":\"https:\/\/ev-innovation-group.com\/\",\"name\":\"EVIG\",\"description\":\"Just another WordPress site\",\"potentialAction\":[{\"@type\":\"SearchAction\",\"target\":{\"@type\":\"EntryPoint\",\"urlTemplate\":\"https:\/\/ev-innovation-group.com\/?s={search_term_string}\"},\"query-input\":\"required name=search_term_string\"}],\"inLanguage\":\"en-GB\"}]}<\/script>\n<!-- \/ Yoast SEO plugin. -->","yoast_head_json":{"title":"So funktioniert's - EVIG","description":"Beratung, Gr\u00fcne Energie, Solar, Batterie, EV-Ladeger\u00e4t, Windenergie, Vollst\u00e4ndige End-to-End-L\u00f6sung f\u00fcr Unternehmen","robots":{"index":"index","follow":"follow","max-snippet":"max-snippet:-1","max-image-preview":"max-image-preview:large","max-video-preview":"max-video-preview:-1"},"canonical":"https:\/\/ev-innovation-group.com\/en\/so-funktionierts\/","og_locale":"en_GB","og_type":"article","og_title":"So funktioniert's - EVIG","og_description":"Beratung, Gr\u00fcne Energie, Solar, Batterie, EV-Ladeger\u00e4t, Windenergie, Vollst\u00e4ndige End-to-End-L\u00f6sung f\u00fcr Unternehmen","og_url":"https:\/\/ev-innovation-group.com\/en\/so-funktionierts\/","og_site_name":"EVIG","article_modified_time":"2023-12-05T13:57:56+00:00","twitter_card":"summary_large_image","twitter_image":"https:\/\/ev-innovation-group.com\/wp-content\/uploads\/2022\/09\/current-what-we-do.svg","twitter_misc":{"Estimated reading time":"2 minutes"},"schema":{"@context":"https:\/\/schema.org","@graph":[{"@type":"WebPage","@id":"https:\/\/ev-innovation-group.com\/so-funktionierts\/","url":"https:\/\/ev-innovation-group.com\/so-funktionierts\/","name":"So funktioniert's - EVIG","isPartOf":{"@id":"https:\/\/ev-innovation-group.com\/#website"},"datePublished":"2022-07-26T07:20:41+00:00","dateModified":"2023-12-05T13:57:56+00:00","description":"Beratung, Gr\u00fcne Energie, Solar, Batterie, EV-Ladeger\u00e4t, Windenergie, Vollst\u00e4ndige End-to-End-L\u00f6sung f\u00fcr Unternehmen","breadcrumb":{"@id":"https:\/\/ev-innovation-group.com\/so-funktionierts\/#breadcrumb"},"inLanguage":"en-GB","potentialAction":[{"@type":"ReadAction","target":["https:\/\/ev-innovation-group.com\/so-funktionierts\/"]}]},{"@type":"BreadcrumbList","@id":"https:\/\/ev-innovation-group.com\/so-funktionierts\/#breadcrumb","itemListElement":[{"@type":"ListItem","position":1,"name":"Home","item":"https:\/\/ev-innovation-group.com\/"},{"@type":"ListItem","position":2,"name":"So funktioniert&#8217;s"}]},{"@type":"WebSite","@id":"https:\/\/ev-innovation-group.com\/#website","url":"https:\/\/ev-innovation-group.com\/","name":"EVIG","description":"Just another WordPress site","potentialAction":[{"@type":"SearchAction","target":{"@type":"EntryPoint","urlTemplate":"https:\/\/ev-innovation-group.com\/?s={search_term_string}"},"query-input":"required name=search_term_string"}],"inLanguage":"en-GB"}]}},"_links":{"self":[{"href":"https:\/\/ev-innovation-group.com\/en\/wp-json\/wp\/v2\/pages\/41607"}],"collection":[{"href":"https:\/\/ev-innovation-group.com\/en\/wp-json\/wp\/v2\/pages"}],"about":[{"href":"https:\/\/ev-innovation-group.com\/en\/wp-json\/wp\/v2\/types\/page"}],"author":[{"embeddable":true,"href":"https:\/\/ev-innovation-group.com\/en\/wp-json\/wp\/v2\/users\/1"}],"replies":[{"embeddable":true,"href":"https:\/\/ev-innovation-group.com\/en\/wp-json\/wp\/v2\/comments?post=41607"}],"version-history":[{"count":23,"href":"https:\/\/ev-innovation-group.com\/en\/wp-json\/wp\/v2\/pages\/41607\/revisions"}],"predecessor-version":[{"id":41947,"href":"https:\/\/ev-innovation-group.com\/en\/wp-json\/wp\/v2\/pages\/41607\/revisions\/41947"}],"wp:featuredmedia":[{"embeddable":true,"href":"https:\/\/ev-innovation-group.com\/en\/wp-json\/wp\/v2\/media\/41799"}],"wp:attachment":[{"href":"https:\/\/ev-innovation-group.com\/en\/wp-json\/wp\/v2\/media?parent=41607"}],"curies":[{"name":"wp","href":"https:\/\/api.w.org\/{rel}","templated":true}]}}