{"id":41628,"date":"2022-07-26T13:02:58","date_gmt":"2022-07-26T12:02:58","guid":{"rendered":"http:\/\/ev-innovation-group.com\/?page_id=41628"},"modified":"2023-01-10T13:01:12","modified_gmt":"2023-01-10T13:01:12","slug":"solar","status":"publish","type":"page","link":"https:\/\/ev-innovation-group.com\/en\/solar\/","title":{"rendered":"Solar"},"content":{"rendered":"<h1>Solar<\/h1>\n\n\n\n<p>On your drive along country roads, motorways you see on the roofs of houses and buildings or in fields, solar installations (photovoltaic systems) more and more often and have wondered what is behind them?<\/p>\n\n\n\n<p>The answer is relatively simple. These photovoltaic systems convert incoming solar radiation into usable energy (electricity) for you. Solar radiation consists of photons, which transport electromagnetic radiation. When these photons hit solar cells, electrons move.<\/p>\n\n\n\n<p>Since solar cells themselves only generate a small amount of usable power, several solar cells are combined to form solar modules. And in turn, several solar modules are combined to form a photovoltaic system.&nbsp;<\/p>\n\n\n\n<p>There is a rule of thumb for solar modules. Approx. 6m\u00b2 of solar modules generate approx. 1 kilowatt peak (kWp). This formula can be used to calculate the area required for solar modules to cover an energy demand.<\/p>\n\n\n\n<h2>Your Advantages<\/h2>\n\n\n\n<p>If you are wondering what the benefits are of using a PV system, let's take a look.<\/p>\n\n\n\n<p>It is clean, pollution-free and noiselessly generated electricity. The electricity is generated where it is used and does not have to be transported. One remains independent of rising electricity prices. In combination with other components and systems, the benefits can also be expanded, for example, to include electromobility.<\/p>\n\n\n\n<div class=\"wp-container-1 wp-block-buttons\">\n<div class=\"wp-block-button\"><a class=\"wp-block-button__link has-background\" href=\"https:\/\/ev-innovation-group.com\/en\/kontakt\/\" style=\"border-radius:0px;background-color:#2fbba6\">Contact Us<\/a><\/div>\n<\/div>","protected":false},"excerpt":{"rendered":"<p>Solar Auf Ihrer Fahrt \u00fcber Landstra\u00dfen, Autobahnen oder auf den D\u00e4chern Ihrer Nachbarschaft entdecken Sie immer h\u00e4ufiger Solaranlagen (Photovoltaik-Systeme) und haben sich gefragt, was dahintersteckt? Die Antwort ist relativ simpel. Diese Photovoltaik-Systeme wandelt eintreffende Sonnenstrahlung in f\u00fcr Sie nutzbare Energie (Strom) um. Die Sonnenstrahlung besteht aus Photonen, welche elektromagnetische Strahlung transportieren. Beim Auftreffen dieser Photonen [&hellip;]<\/p>","protected":false},"author":1,"featured_media":41626,"parent":0,"menu_order":0,"comment_status":"closed","ping_status":"closed","template":"internal.php","meta":[],"yoast_head":"<!-- This site is optimized with the Yoast SEO plugin v19.6 - https:\/\/yoast.com\/wordpress\/plugins\/seo\/ -->\n<title>Solar - EVIG<\/title>\n<meta name=\"robots\" content=\"index, follow, max-snippet:-1, max-image-preview:large, max-video-preview:-1\" \/>\n<link rel=\"canonical\" href=\"https:\/\/ev-innovation-group.com\/en\/solar\/\" \/>\n<meta property=\"og:locale\" content=\"en_GB\" \/>\n<meta property=\"og:type\" content=\"article\" \/>\n<meta property=\"og:title\" content=\"Solar - EVIG\" \/>\n<meta property=\"og:description\" content=\"Solar Auf Ihrer Fahrt \u00fcber Landstra\u00dfen, Autobahnen oder auf den D\u00e4chern Ihrer Nachbarschaft entdecken Sie immer h\u00e4ufiger Solaranlagen (Photovoltaik-Systeme) und haben sich gefragt, was dahintersteckt? Die Antwort ist relativ simpel. Diese Photovoltaik-Systeme wandelt eintreffende Sonnenstrahlung in f\u00fcr Sie nutzbare Energie (Strom) um. Die Sonnenstrahlung besteht aus Photonen, welche elektromagnetische Strahlung transportieren. Beim Auftreffen dieser Photonen [&hellip;]\" \/>\n<meta property=\"og:url\" content=\"https:\/\/ev-innovation-group.com\/en\/solar\/\" \/>\n<meta property=\"og:site_name\" content=\"EVIG\" \/>\n<meta property=\"article:modified_time\" content=\"2023-01-10T13:01:12+00:00\" \/>\n<meta property=\"og:image\" content=\"https:\/\/ev-innovation-group.com\/wp-content\/uploads\/2022\/07\/img-solar.jpg\" \/>\n\t<meta property=\"og:image:width\" content=\"497\" \/>\n\t<meta property=\"og:image:height\" content=\"795\" \/>\n\t<meta property=\"og:image:type\" content=\"image\/jpeg\" \/>\n<meta name=\"twitter:card\" content=\"summary_large_image\" \/>\n<meta name=\"twitter:label1\" content=\"Estimated reading time\" \/>\n\t<meta name=\"twitter:data1\" content=\"1 minute\" \/>\n<script type=\"application\/ld+json\" class=\"yoast-schema-graph\">{\"@context\":\"https:\/\/schema.org\",\"@graph\":[{\"@type\":\"WebPage\",\"@id\":\"https:\/\/ev-innovation-group.com\/solar\/\",\"url\":\"https:\/\/ev-innovation-group.com\/solar\/\",\"name\":\"Solar - EVIG\",\"isPartOf\":{\"@id\":\"https:\/\/ev-innovation-group.com\/#website\"},\"datePublished\":\"2022-07-26T12:02:58+00:00\",\"dateModified\":\"2023-01-10T13:01:12+00:00\",\"breadcrumb\":{\"@id\":\"https:\/\/ev-innovation-group.com\/solar\/#breadcrumb\"},\"inLanguage\":\"en-GB\",\"potentialAction\":[{\"@type\":\"ReadAction\",\"target\":[\"https:\/\/ev-innovation-group.com\/solar\/\"]}]},{\"@type\":\"BreadcrumbList\",\"@id\":\"https:\/\/ev-innovation-group.com\/solar\/#breadcrumb\",\"itemListElement\":[{\"@type\":\"ListItem\",\"position\":1,\"name\":\"Home\",\"item\":\"https:\/\/ev-innovation-group.com\/\"},{\"@type\":\"ListItem\",\"position\":2,\"name\":\"Solar\"}]},{\"@type\":\"WebSite\",\"@id\":\"https:\/\/ev-innovation-group.com\/#website\",\"url\":\"https:\/\/ev-innovation-group.com\/\",\"name\":\"EVIG\",\"description\":\"Just another WordPress site\",\"potentialAction\":[{\"@type\":\"SearchAction\",\"target\":{\"@type\":\"EntryPoint\",\"urlTemplate\":\"https:\/\/ev-innovation-group.com\/?s={search_term_string}\"},\"query-input\":\"required name=search_term_string\"}],\"inLanguage\":\"en-GB\"}]}<\/script>\n<!-- \/ Yoast SEO plugin. -->","yoast_head_json":{"title":"Solar - EVIG","robots":{"index":"index","follow":"follow","max-snippet":"max-snippet:-1","max-image-preview":"max-image-preview:large","max-video-preview":"max-video-preview:-1"},"canonical":"https:\/\/ev-innovation-group.com\/en\/solar\/","og_locale":"en_GB","og_type":"article","og_title":"Solar - EVIG","og_description":"Solar Auf Ihrer Fahrt \u00fcber Landstra\u00dfen, Autobahnen oder auf den D\u00e4chern Ihrer Nachbarschaft entdecken Sie immer h\u00e4ufiger Solaranlagen (Photovoltaik-Systeme) und haben sich gefragt, was dahintersteckt? Die Antwort ist relativ simpel. Diese Photovoltaik-Systeme wandelt eintreffende Sonnenstrahlung in f\u00fcr Sie nutzbare Energie (Strom) um. Die Sonnenstrahlung besteht aus Photonen, welche elektromagnetische Strahlung transportieren. Beim Auftreffen dieser Photonen [&hellip;]","og_url":"https:\/\/ev-innovation-group.com\/en\/solar\/","og_site_name":"EVIG","article_modified_time":"2023-01-10T13:01:12+00:00","og_image":[{"width":497,"height":795,"url":"https:\/\/ev-innovation-group.com\/wp-content\/uploads\/2022\/07\/img-solar.jpg","type":"image\/jpeg"}],"twitter_card":"summary_large_image","twitter_misc":{"Estimated reading time":"1 minute"},"schema":{"@context":"https:\/\/schema.org","@graph":[{"@type":"WebPage","@id":"https:\/\/ev-innovation-group.com\/solar\/","url":"https:\/\/ev-innovation-group.com\/solar\/","name":"Solar - EVIG","isPartOf":{"@id":"https:\/\/ev-innovation-group.com\/#website"},"datePublished":"2022-07-26T12:02:58+00:00","dateModified":"2023-01-10T13:01:12+00:00","breadcrumb":{"@id":"https:\/\/ev-innovation-group.com\/solar\/#breadcrumb"},"inLanguage":"en-GB","potentialAction":[{"@type":"ReadAction","target":["https:\/\/ev-innovation-group.com\/solar\/"]}]},{"@type":"BreadcrumbList","@id":"https:\/\/ev-innovation-group.com\/solar\/#breadcrumb","itemListElement":[{"@type":"ListItem","position":1,"name":"Home","item":"https:\/\/ev-innovation-group.com\/"},{"@type":"ListItem","position":2,"name":"Solar"}]},{"@type":"WebSite","@id":"https:\/\/ev-innovation-group.com\/#website","url":"https:\/\/ev-innovation-group.com\/","name":"EVIG","description":"Just another WordPress site","potentialAction":[{"@type":"SearchAction","target":{"@type":"EntryPoint","urlTemplate":"https:\/\/ev-innovation-group.com\/?s={search_term_string}"},"query-input":"required name=search_term_string"}],"inLanguage":"en-GB"}]}},"_links":{"self":[{"href":"https:\/\/ev-innovation-group.com\/en\/wp-json\/wp\/v2\/pages\/41628"}],"collection":[{"href":"https:\/\/ev-innovation-group.com\/en\/wp-json\/wp\/v2\/pages"}],"about":[{"href":"https:\/\/ev-innovation-group.com\/en\/wp-json\/wp\/v2\/types\/page"}],"author":[{"embeddable":true,"href":"https:\/\/ev-innovation-group.com\/en\/wp-json\/wp\/v2\/users\/1"}],"replies":[{"embeddable":true,"href":"https:\/\/ev-innovation-group.com\/en\/wp-json\/wp\/v2\/comments?post=41628"}],"version-history":[{"count":5,"href":"https:\/\/ev-innovation-group.com\/en\/wp-json\/wp\/v2\/pages\/41628\/revisions"}],"predecessor-version":[{"id":41912,"href":"https:\/\/ev-innovation-group.com\/en\/wp-json\/wp\/v2\/pages\/41628\/revisions\/41912"}],"wp:featuredmedia":[{"embeddable":true,"href":"https:\/\/ev-innovation-group.com\/en\/wp-json\/wp\/v2\/media\/41626"}],"wp:attachment":[{"href":"https:\/\/ev-innovation-group.com\/en\/wp-json\/wp\/v2\/media?parent=41628"}],"curies":[{"name":"wp","href":"https:\/\/api.w.org\/{rel}","templated":true}]}}