{"id":41630,"date":"2022-07-26T13:05:10","date_gmt":"2022-07-26T12:05:10","guid":{"rendered":"http:\/\/ev-innovation-group.com\/?page_id=41630"},"modified":"2023-05-09T09:25:43","modified_gmt":"2023-05-09T08:25:43","slug":"wind","status":"publish","type":"page","link":"https:\/\/ev-innovation-group.com\/en\/wind\/","title":{"rendered":"Wind"},"content":{"rendered":"<h1>Wind<\/h1>\n\n\n\n<p>Wind energy is generated from wind turbines. In simple terms, the kinetic energy in the air is converted into electrical energy by wind turbines. The wind sets the wind turbine in motion with its kinetic energy and makes it turn. The wind turbine is connected to a generator. Here, the energy from the rotary motion is converted into electrical energy.\u00a0<\/p>\n\n\n\n<h2>Your Advantages<\/h2>\n\n\n\n<p>Wind energy is an unlimited resource that can be generated 100% emission-free. It does not produce any exhaust gases or waste. Wind energy is also not dependent on the time of day or year.&nbsp;<\/p>\n\n\n\n<div class=\"wp-container-1 wp-block-buttons\">\n<div class=\"wp-block-button\"><a class=\"wp-block-button__link has-background\" style=\"border-radius:0px;background-color:#2fbba6\">Contact Us<\/a><\/div>\n<\/div>","protected":false},"excerpt":{"rendered":"<p>Wind Windenergie wird aus Windkraftanlagen gewonnen. Einfach erkl\u00e4rt wird die Bewegungsenergie, welche in der Luft vorhanden ist durch Windr\u00e4der in elektrische Energie umgewandelt. Der Wind versetzt das Windrad durch seine Bewegungsenergie in Bewegung und l\u00e4sst sich drehen. Das Windrad ist mit einem Generator verbunden. Hier wird die Energie aus der Drehbewegung in elektrische Energie umgewandelt.\u00a0 [&hellip;]<\/p>","protected":false},"author":1,"featured_media":41631,"parent":0,"menu_order":0,"comment_status":"closed","ping_status":"closed","template":"internal.php","meta":[],"yoast_head":"<!-- This site is optimized with the Yoast SEO plugin v19.6 - https:\/\/yoast.com\/wordpress\/plugins\/seo\/ -->\n<title>Wind - EVIG<\/title>\n<meta name=\"robots\" content=\"index, follow, max-snippet:-1, max-image-preview:large, max-video-preview:-1\" \/>\n<link rel=\"canonical\" href=\"https:\/\/ev-innovation-group.com\/en\/wind\/\" \/>\n<meta property=\"og:locale\" content=\"en_GB\" \/>\n<meta property=\"og:type\" content=\"article\" \/>\n<meta property=\"og:title\" content=\"Wind - EVIG\" \/>\n<meta property=\"og:description\" content=\"Wind Windenergie wird aus Windkraftanlagen gewonnen. Einfach erkl\u00e4rt wird die Bewegungsenergie, welche in der Luft vorhanden ist durch Windr\u00e4der in elektrische Energie umgewandelt. Der Wind versetzt das Windrad durch seine Bewegungsenergie in Bewegung und l\u00e4sst sich drehen. Das Windrad ist mit einem Generator verbunden. Hier wird die Energie aus der Drehbewegung in elektrische Energie umgewandelt.\u00a0 [&hellip;]\" \/>\n<meta property=\"og:url\" content=\"https:\/\/ev-innovation-group.com\/en\/wind\/\" \/>\n<meta property=\"og:site_name\" content=\"EVIG\" \/>\n<meta property=\"article:modified_time\" content=\"2023-05-09T08:25:43+00:00\" \/>\n<meta property=\"og:image\" content=\"https:\/\/ev-innovation-group.com\/wp-content\/uploads\/2022\/07\/img-wind.jpg\" \/>\n\t<meta property=\"og:image:width\" content=\"497\" \/>\n\t<meta property=\"og:image:height\" content=\"795\" \/>\n\t<meta property=\"og:image:type\" content=\"image\/jpeg\" \/>\n<meta name=\"twitter:card\" content=\"summary_large_image\" \/>\n<meta name=\"twitter:label1\" content=\"Estimated reading time\" \/>\n\t<meta name=\"twitter:data1\" content=\"1 minute\" \/>\n<script type=\"application\/ld+json\" class=\"yoast-schema-graph\">{\"@context\":\"https:\/\/schema.org\",\"@graph\":[{\"@type\":\"WebPage\",\"@id\":\"https:\/\/ev-innovation-group.com\/wind\/\",\"url\":\"https:\/\/ev-innovation-group.com\/wind\/\",\"name\":\"Wind - EVIG\",\"isPartOf\":{\"@id\":\"https:\/\/ev-innovation-group.com\/#website\"},\"datePublished\":\"2022-07-26T12:05:10+00:00\",\"dateModified\":\"2023-05-09T08:25:43+00:00\",\"breadcrumb\":{\"@id\":\"https:\/\/ev-innovation-group.com\/wind\/#breadcrumb\"},\"inLanguage\":\"en-GB\",\"potentialAction\":[{\"@type\":\"ReadAction\",\"target\":[\"https:\/\/ev-innovation-group.com\/wind\/\"]}]},{\"@type\":\"BreadcrumbList\",\"@id\":\"https:\/\/ev-innovation-group.com\/wind\/#breadcrumb\",\"itemListElement\":[{\"@type\":\"ListItem\",\"position\":1,\"name\":\"Home\",\"item\":\"https:\/\/ev-innovation-group.com\/\"},{\"@type\":\"ListItem\",\"position\":2,\"name\":\"Wind\"}]},{\"@type\":\"WebSite\",\"@id\":\"https:\/\/ev-innovation-group.com\/#website\",\"url\":\"https:\/\/ev-innovation-group.com\/\",\"name\":\"EVIG\",\"description\":\"Just another WordPress site\",\"potentialAction\":[{\"@type\":\"SearchAction\",\"target\":{\"@type\":\"EntryPoint\",\"urlTemplate\":\"https:\/\/ev-innovation-group.com\/?s={search_term_string}\"},\"query-input\":\"required name=search_term_string\"}],\"inLanguage\":\"en-GB\"}]}<\/script>\n<!-- \/ Yoast SEO plugin. -->","yoast_head_json":{"title":"Wind - EVIG","robots":{"index":"index","follow":"follow","max-snippet":"max-snippet:-1","max-image-preview":"max-image-preview:large","max-video-preview":"max-video-preview:-1"},"canonical":"https:\/\/ev-innovation-group.com\/en\/wind\/","og_locale":"en_GB","og_type":"article","og_title":"Wind - EVIG","og_description":"Wind Windenergie wird aus Windkraftanlagen gewonnen. Einfach erkl\u00e4rt wird die Bewegungsenergie, welche in der Luft vorhanden ist durch Windr\u00e4der in elektrische Energie umgewandelt. Der Wind versetzt das Windrad durch seine Bewegungsenergie in Bewegung und l\u00e4sst sich drehen. Das Windrad ist mit einem Generator verbunden. Hier wird die Energie aus der Drehbewegung in elektrische Energie umgewandelt.\u00a0 [&hellip;]","og_url":"https:\/\/ev-innovation-group.com\/en\/wind\/","og_site_name":"EVIG","article_modified_time":"2023-05-09T08:25:43+00:00","og_image":[{"width":497,"height":795,"url":"https:\/\/ev-innovation-group.com\/wp-content\/uploads\/2022\/07\/img-wind.jpg","type":"image\/jpeg"}],"twitter_card":"summary_large_image","twitter_misc":{"Estimated reading time":"1 minute"},"schema":{"@context":"https:\/\/schema.org","@graph":[{"@type":"WebPage","@id":"https:\/\/ev-innovation-group.com\/wind\/","url":"https:\/\/ev-innovation-group.com\/wind\/","name":"Wind - EVIG","isPartOf":{"@id":"https:\/\/ev-innovation-group.com\/#website"},"datePublished":"2022-07-26T12:05:10+00:00","dateModified":"2023-05-09T08:25:43+00:00","breadcrumb":{"@id":"https:\/\/ev-innovation-group.com\/wind\/#breadcrumb"},"inLanguage":"en-GB","potentialAction":[{"@type":"ReadAction","target":["https:\/\/ev-innovation-group.com\/wind\/"]}]},{"@type":"BreadcrumbList","@id":"https:\/\/ev-innovation-group.com\/wind\/#breadcrumb","itemListElement":[{"@type":"ListItem","position":1,"name":"Home","item":"https:\/\/ev-innovation-group.com\/"},{"@type":"ListItem","position":2,"name":"Wind"}]},{"@type":"WebSite","@id":"https:\/\/ev-innovation-group.com\/#website","url":"https:\/\/ev-innovation-group.com\/","name":"EVIG","description":"Just another WordPress site","potentialAction":[{"@type":"SearchAction","target":{"@type":"EntryPoint","urlTemplate":"https:\/\/ev-innovation-group.com\/?s={search_term_string}"},"query-input":"required name=search_term_string"}],"inLanguage":"en-GB"}]}},"_links":{"self":[{"href":"https:\/\/ev-innovation-group.com\/en\/wp-json\/wp\/v2\/pages\/41630"}],"collection":[{"href":"https:\/\/ev-innovation-group.com\/en\/wp-json\/wp\/v2\/pages"}],"about":[{"href":"https:\/\/ev-innovation-group.com\/en\/wp-json\/wp\/v2\/types\/page"}],"author":[{"embeddable":true,"href":"https:\/\/ev-innovation-group.com\/en\/wp-json\/wp\/v2\/users\/1"}],"replies":[{"embeddable":true,"href":"https:\/\/ev-innovation-group.com\/en\/wp-json\/wp\/v2\/comments?post=41630"}],"version-history":[{"count":4,"href":"https:\/\/ev-innovation-group.com\/en\/wp-json\/wp\/v2\/pages\/41630\/revisions"}],"predecessor-version":[{"id":41935,"href":"https:\/\/ev-innovation-group.com\/en\/wp-json\/wp\/v2\/pages\/41630\/revisions\/41935"}],"wp:featuredmedia":[{"embeddable":true,"href":"https:\/\/ev-innovation-group.com\/en\/wp-json\/wp\/v2\/media\/41631"}],"wp:attachment":[{"href":"https:\/\/ev-innovation-group.com\/en\/wp-json\/wp\/v2\/media?parent=41630"}],"curies":[{"name":"wp","href":"https:\/\/api.w.org\/{rel}","templated":true}]}}