{"id":41635,"date":"2022-07-26T13:06:15","date_gmt":"2022-07-26T12:06:15","guid":{"rendered":"http:\/\/ev-innovation-group.com\/?page_id=41635"},"modified":"2023-01-10T13:02:54","modified_gmt":"2023-01-10T13:02:54","slug":"hydrogen-storage","status":"publish","type":"page","link":"https:\/\/ev-innovation-group.com\/en\/hydrogen-storage\/","title":{"rendered":"Hydrogen Storage"},"content":{"rendered":"<h1>Hydrogen Storage<\/h1>\n\n\n\n<p>Since battery storage usually has a capacity that ensures peak consumption and night-time supply, one is often at a disadvantage in the cold and dark winter months. In order to keep this effect low, it is possible to store additional generated energy as hydrogen by means of electrolysis (conversion of water into hydrogen). This process can be reversed in winter and the hydrogen is converted into electricity by means of a fuel cell. This process is also clean, pollution-free and noiseless.<\/p>\n\n\n\n<h2>Your Advantages<\/h2>\n\n\n\n<p>Benefit from your solar power all year round. Use the heat generated during conversion to support your heating. Even on cold and sunless winter days. Reduce the need for electricity from the grid. Become self-sufficient.<\/p>\n\n\n\n<div class=\"wp-container-1 wp-block-buttons\">\n<div class=\"wp-block-button\"><a class=\"wp-block-button__link has-background\" href=\"https:\/\/ev-innovation-group.com\/en\/kontakt\/\" style=\"border-radius:0px;background-color:#2fbba6\">Contact Us<\/a><\/div>\n<\/div>","protected":false},"excerpt":{"rendered":"<p>Wasserstoffspeicher Da Batteriespeicher meist \u00fcber eine Kapazit\u00e4t verf\u00fcgen, die die Verbrauchsspitzen und die n\u00e4chtliche Versorgung sicherstellt, hat man in den kalten und dunklen Wintermonaten oft das Nachsehen. Um diesem Effekt gering zu halten, hat man die M\u00f6glichkeit zus\u00e4tzliche erzeugte Energie mittels Elektrolyse (Umwandlung von Wasser in Wasserstoff) als Wasserstoff zu speichern. Dieser Prozess kann im [&hellip;]<\/p>","protected":false},"author":1,"featured_media":41624,"parent":0,"menu_order":0,"comment_status":"closed","ping_status":"closed","template":"internal.php","meta":[],"yoast_head":"<!-- This site is optimized with the Yoast SEO plugin v19.6 - https:\/\/yoast.com\/wordpress\/plugins\/seo\/ -->\n<title>Wasserstoffspeicher - EVIG<\/title>\n<meta name=\"robots\" content=\"index, follow, max-snippet:-1, max-image-preview:large, max-video-preview:-1\" \/>\n<link rel=\"canonical\" href=\"https:\/\/ev-innovation-group.com\/en\/hydrogen-storage\/\" \/>\n<meta property=\"og:locale\" content=\"en_GB\" \/>\n<meta property=\"og:type\" content=\"article\" \/>\n<meta property=\"og:title\" content=\"Wasserstoffspeicher - EVIG\" \/>\n<meta property=\"og:description\" content=\"Wasserstoffspeicher Da Batteriespeicher meist \u00fcber eine Kapazit\u00e4t verf\u00fcgen, die die Verbrauchsspitzen und die n\u00e4chtliche Versorgung sicherstellt, hat man in den kalten und dunklen Wintermonaten oft das Nachsehen. Um diesem Effekt gering zu halten, hat man die M\u00f6glichkeit zus\u00e4tzliche erzeugte Energie mittels Elektrolyse (Umwandlung von Wasser in Wasserstoff) als Wasserstoff zu speichern. Dieser Prozess kann im [&hellip;]\" \/>\n<meta property=\"og:url\" content=\"https:\/\/ev-innovation-group.com\/en\/hydrogen-storage\/\" \/>\n<meta property=\"og:site_name\" content=\"EVIG\" \/>\n<meta property=\"article:modified_time\" content=\"2023-01-10T13:02:54+00:00\" \/>\n<meta property=\"og:image\" content=\"https:\/\/ev-innovation-group.com\/wp-content\/uploads\/2022\/07\/img-hydrogen.jpg\" \/>\n\t<meta property=\"og:image:width\" content=\"497\" \/>\n\t<meta property=\"og:image:height\" content=\"795\" \/>\n\t<meta property=\"og:image:type\" content=\"image\/jpeg\" \/>\n<meta name=\"twitter:card\" content=\"summary_large_image\" \/>\n<meta name=\"twitter:label1\" content=\"Estimated reading time\" \/>\n\t<meta name=\"twitter:data1\" content=\"1 minute\" \/>\n<script type=\"application\/ld+json\" class=\"yoast-schema-graph\">{\"@context\":\"https:\/\/schema.org\",\"@graph\":[{\"@type\":\"WebPage\",\"@id\":\"https:\/\/ev-innovation-group.com\/hydrogen-storage\/\",\"url\":\"https:\/\/ev-innovation-group.com\/hydrogen-storage\/\",\"name\":\"Wasserstoffspeicher - EVIG\",\"isPartOf\":{\"@id\":\"https:\/\/ev-innovation-group.com\/#website\"},\"datePublished\":\"2022-07-26T12:06:15+00:00\",\"dateModified\":\"2023-01-10T13:02:54+00:00\",\"breadcrumb\":{\"@id\":\"https:\/\/ev-innovation-group.com\/hydrogen-storage\/#breadcrumb\"},\"inLanguage\":\"en-GB\",\"potentialAction\":[{\"@type\":\"ReadAction\",\"target\":[\"https:\/\/ev-innovation-group.com\/hydrogen-storage\/\"]}]},{\"@type\":\"BreadcrumbList\",\"@id\":\"https:\/\/ev-innovation-group.com\/hydrogen-storage\/#breadcrumb\",\"itemListElement\":[{\"@type\":\"ListItem\",\"position\":1,\"name\":\"Home\",\"item\":\"https:\/\/ev-innovation-group.com\/\"},{\"@type\":\"ListItem\",\"position\":2,\"name\":\"Wasserstoffspeicher\"}]},{\"@type\":\"WebSite\",\"@id\":\"https:\/\/ev-innovation-group.com\/#website\",\"url\":\"https:\/\/ev-innovation-group.com\/\",\"name\":\"EVIG\",\"description\":\"Just another WordPress site\",\"potentialAction\":[{\"@type\":\"SearchAction\",\"target\":{\"@type\":\"EntryPoint\",\"urlTemplate\":\"https:\/\/ev-innovation-group.com\/?s={search_term_string}\"},\"query-input\":\"required name=search_term_string\"}],\"inLanguage\":\"en-GB\"}]}<\/script>\n<!-- \/ Yoast SEO plugin. -->","yoast_head_json":{"title":"Wasserstoffspeicher - EVIG","robots":{"index":"index","follow":"follow","max-snippet":"max-snippet:-1","max-image-preview":"max-image-preview:large","max-video-preview":"max-video-preview:-1"},"canonical":"https:\/\/ev-innovation-group.com\/en\/hydrogen-storage\/","og_locale":"en_GB","og_type":"article","og_title":"Wasserstoffspeicher - EVIG","og_description":"Wasserstoffspeicher Da Batteriespeicher meist \u00fcber eine Kapazit\u00e4t verf\u00fcgen, die die Verbrauchsspitzen und die n\u00e4chtliche Versorgung sicherstellt, hat man in den kalten und dunklen Wintermonaten oft das Nachsehen. Um diesem Effekt gering zu halten, hat man die M\u00f6glichkeit zus\u00e4tzliche erzeugte Energie mittels Elektrolyse (Umwandlung von Wasser in Wasserstoff) als Wasserstoff zu speichern. Dieser Prozess kann im [&hellip;]","og_url":"https:\/\/ev-innovation-group.com\/en\/hydrogen-storage\/","og_site_name":"EVIG","article_modified_time":"2023-01-10T13:02:54+00:00","og_image":[{"width":497,"height":795,"url":"https:\/\/ev-innovation-group.com\/wp-content\/uploads\/2022\/07\/img-hydrogen.jpg","type":"image\/jpeg"}],"twitter_card":"summary_large_image","twitter_misc":{"Estimated reading time":"1 minute"},"schema":{"@context":"https:\/\/schema.org","@graph":[{"@type":"WebPage","@id":"https:\/\/ev-innovation-group.com\/hydrogen-storage\/","url":"https:\/\/ev-innovation-group.com\/hydrogen-storage\/","name":"Wasserstoffspeicher - EVIG","isPartOf":{"@id":"https:\/\/ev-innovation-group.com\/#website"},"datePublished":"2022-07-26T12:06:15+00:00","dateModified":"2023-01-10T13:02:54+00:00","breadcrumb":{"@id":"https:\/\/ev-innovation-group.com\/hydrogen-storage\/#breadcrumb"},"inLanguage":"en-GB","potentialAction":[{"@type":"ReadAction","target":["https:\/\/ev-innovation-group.com\/hydrogen-storage\/"]}]},{"@type":"BreadcrumbList","@id":"https:\/\/ev-innovation-group.com\/hydrogen-storage\/#breadcrumb","itemListElement":[{"@type":"ListItem","position":1,"name":"Home","item":"https:\/\/ev-innovation-group.com\/"},{"@type":"ListItem","position":2,"name":"Wasserstoffspeicher"}]},{"@type":"WebSite","@id":"https:\/\/ev-innovation-group.com\/#website","url":"https:\/\/ev-innovation-group.com\/","name":"EVIG","description":"Just another WordPress site","potentialAction":[{"@type":"SearchAction","target":{"@type":"EntryPoint","urlTemplate":"https:\/\/ev-innovation-group.com\/?s={search_term_string}"},"query-input":"required name=search_term_string"}],"inLanguage":"en-GB"}]}},"_links":{"self":[{"href":"https:\/\/ev-innovation-group.com\/en\/wp-json\/wp\/v2\/pages\/41635"}],"collection":[{"href":"https:\/\/ev-innovation-group.com\/en\/wp-json\/wp\/v2\/pages"}],"about":[{"href":"https:\/\/ev-innovation-group.com\/en\/wp-json\/wp\/v2\/types\/page"}],"author":[{"embeddable":true,"href":"https:\/\/ev-innovation-group.com\/en\/wp-json\/wp\/v2\/users\/1"}],"replies":[{"embeddable":true,"href":"https:\/\/ev-innovation-group.com\/en\/wp-json\/wp\/v2\/comments?post=41635"}],"version-history":[{"count":7,"href":"https:\/\/ev-innovation-group.com\/en\/wp-json\/wp\/v2\/pages\/41635\/revisions"}],"predecessor-version":[{"id":41915,"href":"https:\/\/ev-innovation-group.com\/en\/wp-json\/wp\/v2\/pages\/41635\/revisions\/41915"}],"wp:featuredmedia":[{"embeddable":true,"href":"https:\/\/ev-innovation-group.com\/en\/wp-json\/wp\/v2\/media\/41624"}],"wp:attachment":[{"href":"https:\/\/ev-innovation-group.com\/en\/wp-json\/wp\/v2\/media?parent=41635"}],"curies":[{"name":"wp","href":"https:\/\/api.w.org\/{rel}","templated":true}]}}