{"id":41637,"date":"2022-07-26T13:06:46","date_gmt":"2022-07-26T12:06:46","guid":{"rendered":"http:\/\/ev-innovation-group.com\/?page_id=41637"},"modified":"2023-05-09T09:26:36","modified_gmt":"2023-05-09T08:26:36","slug":"heat-pump","status":"publish","type":"page","link":"https:\/\/ev-innovation-group.com\/en\/heat-pump\/","title":{"rendered":"Heat Hump"},"content":{"rendered":"<h1>Heat Hump<\/h1>\n\n\n\n<p>W\u00e4rmepumpen sind ein Alternative zu \u00d6l- oder Gas abh\u00e4ngigen W\u00e4rmeversorgungen. W\u00e4rmepumpen werden durch Strom angetrieben, welchen du durch Solar erzeugen kannst. Sie entziehen einem Medium W\u00e4rme, welche durch einen Verdichtungsvorgang zum Heizen oder zur Warmwasseraufbereitung verwendet werden kann.\u00a0<\/p>\n\n\n\n<p>There are 3 types of heat pumps, which differ mainly in the medium used. Air source heat pumps, ground source heat pumps and groundwater heat pumps. Geothermal and groundwater heat pumps require a borehole to be drilled into the ground, which may require a permit, but are more efficient compared to air heat pumps because air cools down more in the winter months.<\/p>\n\n\n\n<h2>Your Advantages<\/h2>\n\n\n\n<p>Approximately 80% of the energy consumption of German households is due to heating and hot water supply. By switching to an electric heat pump + PV system, you improve your CO\u00b2 emissions enormously. Where oil and gas were necessary in the past, you can now heat with clean electricity from a solar system. Become independent of rising oil and gas prices.&nbsp;<\/p>\n\n\n\n<div class=\"wp-container-1 wp-block-buttons\">\n<div class=\"wp-block-button\"><a class=\"wp-block-button__link has-background\" href=\"https:\/\/ev-innovation-group.com\/en\/kontakt\/\" style=\"border-radius:0px;background-color:#2fbba6\">Contact Us<\/a><\/div>\n<\/div>","protected":false},"excerpt":{"rendered":"<p>W\u00e4rmepumpen W\u00e4rmepumpen sind ein Alternative zu \u00d6l- oder Gas abh\u00e4ngigen W\u00e4rmeversorgungen. W\u00e4rmepumpen werden durch Strom angetrieben, welchen du durch Solar erzeugen kannst. Sie entziehen einem Medium W\u00e4rme, welche durch einen Verdichtungsvorgang zum Heizen oder zur Warmwasseraufbereitung verwendet werden kann.\u00a0 Es gibt 3 Arten von W\u00e4rmepumpen, die sich haupts\u00e4chlich durch das genutzte Medium unterscheiden. Luftw\u00e4rmepumpen, Erdw\u00e4rmepumpen [&hellip;]<\/p>","protected":false},"author":1,"featured_media":41623,"parent":0,"menu_order":0,"comment_status":"closed","ping_status":"closed","template":"internal.php","meta":[],"yoast_head":"<!-- This site is optimized with the Yoast SEO plugin v19.6 - https:\/\/yoast.com\/wordpress\/plugins\/seo\/ -->\n<title>W\u00e4rmepumpen - EVIG<\/title>\n<meta name=\"robots\" content=\"index, follow, max-snippet:-1, max-image-preview:large, max-video-preview:-1\" \/>\n<link rel=\"canonical\" href=\"https:\/\/ev-innovation-group.com\/en\/heat-pump\/\" \/>\n<meta property=\"og:locale\" content=\"en_GB\" \/>\n<meta property=\"og:type\" content=\"article\" \/>\n<meta property=\"og:title\" content=\"W\u00e4rmepumpen - EVIG\" \/>\n<meta property=\"og:description\" content=\"W\u00e4rmepumpen W\u00e4rmepumpen sind ein Alternative zu \u00d6l- oder Gas abh\u00e4ngigen W\u00e4rmeversorgungen. W\u00e4rmepumpen werden durch Strom angetrieben, welchen du durch Solar erzeugen kannst. Sie entziehen einem Medium W\u00e4rme, welche durch einen Verdichtungsvorgang zum Heizen oder zur Warmwasseraufbereitung verwendet werden kann.\u00a0 Es gibt 3 Arten von W\u00e4rmepumpen, die sich haupts\u00e4chlich durch das genutzte Medium unterscheiden. Luftw\u00e4rmepumpen, Erdw\u00e4rmepumpen [&hellip;]\" \/>\n<meta property=\"og:url\" content=\"https:\/\/ev-innovation-group.com\/en\/heat-pump\/\" \/>\n<meta property=\"og:site_name\" content=\"EVIG\" \/>\n<meta property=\"article:modified_time\" content=\"2023-05-09T08:26:36+00:00\" \/>\n<meta property=\"og:image\" content=\"https:\/\/ev-innovation-group.com\/wp-content\/uploads\/2022\/07\/img-heat.jpg\" \/>\n\t<meta property=\"og:image:width\" content=\"497\" \/>\n\t<meta property=\"og:image:height\" content=\"795\" \/>\n\t<meta property=\"og:image:type\" content=\"image\/jpeg\" \/>\n<meta name=\"twitter:card\" content=\"summary_large_image\" \/>\n<meta name=\"twitter:label1\" content=\"Estimated reading time\" \/>\n\t<meta name=\"twitter:data1\" content=\"1 minute\" \/>\n<script type=\"application\/ld+json\" class=\"yoast-schema-graph\">{\"@context\":\"https:\/\/schema.org\",\"@graph\":[{\"@type\":\"WebPage\",\"@id\":\"https:\/\/ev-innovation-group.com\/heat-pump\/\",\"url\":\"https:\/\/ev-innovation-group.com\/heat-pump\/\",\"name\":\"W\u00e4rmepumpen - EVIG\",\"isPartOf\":{\"@id\":\"https:\/\/ev-innovation-group.com\/#website\"},\"datePublished\":\"2022-07-26T12:06:46+00:00\",\"dateModified\":\"2023-05-09T08:26:36+00:00\",\"breadcrumb\":{\"@id\":\"https:\/\/ev-innovation-group.com\/heat-pump\/#breadcrumb\"},\"inLanguage\":\"en-GB\",\"potentialAction\":[{\"@type\":\"ReadAction\",\"target\":[\"https:\/\/ev-innovation-group.com\/heat-pump\/\"]}]},{\"@type\":\"BreadcrumbList\",\"@id\":\"https:\/\/ev-innovation-group.com\/heat-pump\/#breadcrumb\",\"itemListElement\":[{\"@type\":\"ListItem\",\"position\":1,\"name\":\"Home\",\"item\":\"https:\/\/ev-innovation-group.com\/\"},{\"@type\":\"ListItem\",\"position\":2,\"name\":\"W\u00e4rmepumpen\"}]},{\"@type\":\"WebSite\",\"@id\":\"https:\/\/ev-innovation-group.com\/#website\",\"url\":\"https:\/\/ev-innovation-group.com\/\",\"name\":\"EVIG\",\"description\":\"Just another WordPress site\",\"potentialAction\":[{\"@type\":\"SearchAction\",\"target\":{\"@type\":\"EntryPoint\",\"urlTemplate\":\"https:\/\/ev-innovation-group.com\/?s={search_term_string}\"},\"query-input\":\"required name=search_term_string\"}],\"inLanguage\":\"en-GB\"}]}<\/script>\n<!-- \/ Yoast SEO plugin. -->","yoast_head_json":{"title":"W\u00e4rmepumpen - EVIG","robots":{"index":"index","follow":"follow","max-snippet":"max-snippet:-1","max-image-preview":"max-image-preview:large","max-video-preview":"max-video-preview:-1"},"canonical":"https:\/\/ev-innovation-group.com\/en\/heat-pump\/","og_locale":"en_GB","og_type":"article","og_title":"W\u00e4rmepumpen - EVIG","og_description":"W\u00e4rmepumpen W\u00e4rmepumpen sind ein Alternative zu \u00d6l- oder Gas abh\u00e4ngigen W\u00e4rmeversorgungen. W\u00e4rmepumpen werden durch Strom angetrieben, welchen du durch Solar erzeugen kannst. Sie entziehen einem Medium W\u00e4rme, welche durch einen Verdichtungsvorgang zum Heizen oder zur Warmwasseraufbereitung verwendet werden kann.\u00a0 Es gibt 3 Arten von W\u00e4rmepumpen, die sich haupts\u00e4chlich durch das genutzte Medium unterscheiden. Luftw\u00e4rmepumpen, Erdw\u00e4rmepumpen [&hellip;]","og_url":"https:\/\/ev-innovation-group.com\/en\/heat-pump\/","og_site_name":"EVIG","article_modified_time":"2023-05-09T08:26:36+00:00","og_image":[{"width":497,"height":795,"url":"https:\/\/ev-innovation-group.com\/wp-content\/uploads\/2022\/07\/img-heat.jpg","type":"image\/jpeg"}],"twitter_card":"summary_large_image","twitter_misc":{"Estimated reading time":"1 minute"},"schema":{"@context":"https:\/\/schema.org","@graph":[{"@type":"WebPage","@id":"https:\/\/ev-innovation-group.com\/heat-pump\/","url":"https:\/\/ev-innovation-group.com\/heat-pump\/","name":"W\u00e4rmepumpen - EVIG","isPartOf":{"@id":"https:\/\/ev-innovation-group.com\/#website"},"datePublished":"2022-07-26T12:06:46+00:00","dateModified":"2023-05-09T08:26:36+00:00","breadcrumb":{"@id":"https:\/\/ev-innovation-group.com\/heat-pump\/#breadcrumb"},"inLanguage":"en-GB","potentialAction":[{"@type":"ReadAction","target":["https:\/\/ev-innovation-group.com\/heat-pump\/"]}]},{"@type":"BreadcrumbList","@id":"https:\/\/ev-innovation-group.com\/heat-pump\/#breadcrumb","itemListElement":[{"@type":"ListItem","position":1,"name":"Home","item":"https:\/\/ev-innovation-group.com\/"},{"@type":"ListItem","position":2,"name":"W\u00e4rmepumpen"}]},{"@type":"WebSite","@id":"https:\/\/ev-innovation-group.com\/#website","url":"https:\/\/ev-innovation-group.com\/","name":"EVIG","description":"Just another WordPress site","potentialAction":[{"@type":"SearchAction","target":{"@type":"EntryPoint","urlTemplate":"https:\/\/ev-innovation-group.com\/?s={search_term_string}"},"query-input":"required name=search_term_string"}],"inLanguage":"en-GB"}]}},"_links":{"self":[{"href":"https:\/\/ev-innovation-group.com\/en\/wp-json\/wp\/v2\/pages\/41637"}],"collection":[{"href":"https:\/\/ev-innovation-group.com\/en\/wp-json\/wp\/v2\/pages"}],"about":[{"href":"https:\/\/ev-innovation-group.com\/en\/wp-json\/wp\/v2\/types\/page"}],"author":[{"embeddable":true,"href":"https:\/\/ev-innovation-group.com\/en\/wp-json\/wp\/v2\/users\/1"}],"replies":[{"embeddable":true,"href":"https:\/\/ev-innovation-group.com\/en\/wp-json\/wp\/v2\/comments?post=41637"}],"version-history":[{"count":6,"href":"https:\/\/ev-innovation-group.com\/en\/wp-json\/wp\/v2\/pages\/41637\/revisions"}],"predecessor-version":[{"id":41936,"href":"https:\/\/ev-innovation-group.com\/en\/wp-json\/wp\/v2\/pages\/41637\/revisions\/41936"}],"wp:featuredmedia":[{"embeddable":true,"href":"https:\/\/ev-innovation-group.com\/en\/wp-json\/wp\/v2\/media\/41623"}],"wp:attachment":[{"href":"https:\/\/ev-innovation-group.com\/en\/wp-json\/wp\/v2\/media?parent=41637"}],"curies":[{"name":"wp","href":"https:\/\/api.w.org\/{rel}","templated":true}]}}