{"id":41643,"date":"2022-07-26T13:08:25","date_gmt":"2022-07-26T12:08:25","guid":{"rendered":"http:\/\/ev-innovation-group.com\/?page_id=41643"},"modified":"2023-01-10T13:05:06","modified_gmt":"2023-01-10T13:05:06","slug":"thg-quote","status":"publish","type":"page","link":"https:\/\/ev-innovation-group.com\/en\/thg-quote\/","title":{"rendered":"THG Quote"},"content":{"rendered":"<h1>THG Quote<\/h1>\n\n\n\n<p>As an owner of an electric vehicle, you can benefit additionally by selling a GHG quota (greenhouse gas quota). Through this funding instrument, you can sell your certified CO\u00b2 savings to companies that are subject to quotas. Since the beginning of 2022, you will receive additional money (up to about 400\u20ac) for the use of your purchased, financed or leased electric vehicle. The only condition is that you must be entered as the vehicle owner in the vehicle registration document.<\/p>\n\n\n\n<h2>Your Advantages<\/h2>\n\n\n\n<p>Your saved emissions from your electric vehicle can be certified and sold annually at the Federal Environment Agency. You will then receive an annual payment of up to \u20ac400 from your chosen provider. The amount varies depending on the marketer. Payments can also be adjusted by changes in the legal and economic framework conditions.<\/p>\n\n\n\n<div class=\"wp-container-1 wp-block-buttons\">\n<div class=\"wp-block-button\"><a class=\"wp-block-button__link has-background\" href=\"https:\/\/ev-innovation-group.com\/en\/kontakt\/\" style=\"border-radius:0px;background-color:#2fbba6\">Contact Us<\/a><\/div>\n<\/div>","protected":false},"excerpt":{"rendered":"<p>THG Quote Als Besitzer eines Elektrofahrzeuges kann man mit dem Verkauf einer THG-Quote (Treibhausgasquote) zus\u00e4tzlich profitieren. \u00dcber dieses F\u00f6rderinstrument kannst du deinen zertifizierten CO\u00b2-Einsparungen an quotenpflichtige Unternehmen verkaufen. Seit dem Beginn des Jahres 2022 erh\u00e4ltst du so zus\u00e4tzliches Geld (bis zu ca. 400\u20ac) f\u00fcr die Nutzung deines gekauften, finanzierten oder geleasten Elektrofahrzeuges. Die einzige Bedingung, [&hellip;]<\/p>","protected":false},"author":1,"featured_media":41627,"parent":0,"menu_order":0,"comment_status":"closed","ping_status":"closed","template":"internal.php","meta":[],"yoast_head":"<!-- This site is optimized with the Yoast SEO plugin v19.6 - https:\/\/yoast.com\/wordpress\/plugins\/seo\/ -->\n<title>THG Quote - EVIG<\/title>\n<meta name=\"robots\" content=\"index, follow, max-snippet:-1, max-image-preview:large, max-video-preview:-1\" \/>\n<link rel=\"canonical\" href=\"https:\/\/ev-innovation-group.com\/en\/thg-quote\/\" \/>\n<meta property=\"og:locale\" content=\"en_GB\" \/>\n<meta property=\"og:type\" content=\"article\" \/>\n<meta property=\"og:title\" content=\"THG Quote - EVIG\" \/>\n<meta property=\"og:description\" content=\"THG Quote Als Besitzer eines Elektrofahrzeuges kann man mit dem Verkauf einer THG-Quote (Treibhausgasquote) zus\u00e4tzlich profitieren. \u00dcber dieses F\u00f6rderinstrument kannst du deinen zertifizierten CO\u00b2-Einsparungen an quotenpflichtige Unternehmen verkaufen. Seit dem Beginn des Jahres 2022 erh\u00e4ltst du so zus\u00e4tzliches Geld (bis zu ca. 400\u20ac) f\u00fcr die Nutzung deines gekauften, finanzierten oder geleasten Elektrofahrzeuges. Die einzige Bedingung, [&hellip;]\" \/>\n<meta property=\"og:url\" content=\"https:\/\/ev-innovation-group.com\/en\/thg-quote\/\" \/>\n<meta property=\"og:site_name\" content=\"EVIG\" \/>\n<meta property=\"article:modified_time\" content=\"2023-01-10T13:05:06+00:00\" \/>\n<meta property=\"og:image\" content=\"https:\/\/ev-innovation-group.com\/wp-content\/uploads\/2022\/07\/img-thg.jpg\" \/>\n\t<meta property=\"og:image:width\" content=\"497\" \/>\n\t<meta property=\"og:image:height\" content=\"795\" \/>\n\t<meta property=\"og:image:type\" content=\"image\/jpeg\" \/>\n<meta name=\"twitter:card\" content=\"summary_large_image\" \/>\n<meta name=\"twitter:label1\" content=\"Estimated reading time\" \/>\n\t<meta name=\"twitter:data1\" content=\"1 minute\" \/>\n<script type=\"application\/ld+json\" class=\"yoast-schema-graph\">{\"@context\":\"https:\/\/schema.org\",\"@graph\":[{\"@type\":\"WebPage\",\"@id\":\"https:\/\/ev-innovation-group.com\/thg-quote\/\",\"url\":\"https:\/\/ev-innovation-group.com\/thg-quote\/\",\"name\":\"THG Quote - EVIG\",\"isPartOf\":{\"@id\":\"https:\/\/ev-innovation-group.com\/#website\"},\"datePublished\":\"2022-07-26T12:08:25+00:00\",\"dateModified\":\"2023-01-10T13:05:06+00:00\",\"breadcrumb\":{\"@id\":\"https:\/\/ev-innovation-group.com\/thg-quote\/#breadcrumb\"},\"inLanguage\":\"en-GB\",\"potentialAction\":[{\"@type\":\"ReadAction\",\"target\":[\"https:\/\/ev-innovation-group.com\/thg-quote\/\"]}]},{\"@type\":\"BreadcrumbList\",\"@id\":\"https:\/\/ev-innovation-group.com\/thg-quote\/#breadcrumb\",\"itemListElement\":[{\"@type\":\"ListItem\",\"position\":1,\"name\":\"Home\",\"item\":\"https:\/\/ev-innovation-group.com\/\"},{\"@type\":\"ListItem\",\"position\":2,\"name\":\"THG Quote\"}]},{\"@type\":\"WebSite\",\"@id\":\"https:\/\/ev-innovation-group.com\/#website\",\"url\":\"https:\/\/ev-innovation-group.com\/\",\"name\":\"EVIG\",\"description\":\"Just another WordPress site\",\"potentialAction\":[{\"@type\":\"SearchAction\",\"target\":{\"@type\":\"EntryPoint\",\"urlTemplate\":\"https:\/\/ev-innovation-group.com\/?s={search_term_string}\"},\"query-input\":\"required name=search_term_string\"}],\"inLanguage\":\"en-GB\"}]}<\/script>\n<!-- \/ Yoast SEO plugin. -->","yoast_head_json":{"title":"THG Quote - EVIG","robots":{"index":"index","follow":"follow","max-snippet":"max-snippet:-1","max-image-preview":"max-image-preview:large","max-video-preview":"max-video-preview:-1"},"canonical":"https:\/\/ev-innovation-group.com\/en\/thg-quote\/","og_locale":"en_GB","og_type":"article","og_title":"THG Quote - EVIG","og_description":"THG Quote Als Besitzer eines Elektrofahrzeuges kann man mit dem Verkauf einer THG-Quote (Treibhausgasquote) zus\u00e4tzlich profitieren. \u00dcber dieses F\u00f6rderinstrument kannst du deinen zertifizierten CO\u00b2-Einsparungen an quotenpflichtige Unternehmen verkaufen. Seit dem Beginn des Jahres 2022 erh\u00e4ltst du so zus\u00e4tzliches Geld (bis zu ca. 400\u20ac) f\u00fcr die Nutzung deines gekauften, finanzierten oder geleasten Elektrofahrzeuges. Die einzige Bedingung, [&hellip;]","og_url":"https:\/\/ev-innovation-group.com\/en\/thg-quote\/","og_site_name":"EVIG","article_modified_time":"2023-01-10T13:05:06+00:00","og_image":[{"width":497,"height":795,"url":"https:\/\/ev-innovation-group.com\/wp-content\/uploads\/2022\/07\/img-thg.jpg","type":"image\/jpeg"}],"twitter_card":"summary_large_image","twitter_misc":{"Estimated reading time":"1 minute"},"schema":{"@context":"https:\/\/schema.org","@graph":[{"@type":"WebPage","@id":"https:\/\/ev-innovation-group.com\/thg-quote\/","url":"https:\/\/ev-innovation-group.com\/thg-quote\/","name":"THG Quote - EVIG","isPartOf":{"@id":"https:\/\/ev-innovation-group.com\/#website"},"datePublished":"2022-07-26T12:08:25+00:00","dateModified":"2023-01-10T13:05:06+00:00","breadcrumb":{"@id":"https:\/\/ev-innovation-group.com\/thg-quote\/#breadcrumb"},"inLanguage":"en-GB","potentialAction":[{"@type":"ReadAction","target":["https:\/\/ev-innovation-group.com\/thg-quote\/"]}]},{"@type":"BreadcrumbList","@id":"https:\/\/ev-innovation-group.com\/thg-quote\/#breadcrumb","itemListElement":[{"@type":"ListItem","position":1,"name":"Home","item":"https:\/\/ev-innovation-group.com\/"},{"@type":"ListItem","position":2,"name":"THG Quote"}]},{"@type":"WebSite","@id":"https:\/\/ev-innovation-group.com\/#website","url":"https:\/\/ev-innovation-group.com\/","name":"EVIG","description":"Just another WordPress site","potentialAction":[{"@type":"SearchAction","target":{"@type":"EntryPoint","urlTemplate":"https:\/\/ev-innovation-group.com\/?s={search_term_string}"},"query-input":"required name=search_term_string"}],"inLanguage":"en-GB"}]}},"_links":{"self":[{"href":"https:\/\/ev-innovation-group.com\/en\/wp-json\/wp\/v2\/pages\/41643"}],"collection":[{"href":"https:\/\/ev-innovation-group.com\/en\/wp-json\/wp\/v2\/pages"}],"about":[{"href":"https:\/\/ev-innovation-group.com\/en\/wp-json\/wp\/v2\/types\/page"}],"author":[{"embeddable":true,"href":"https:\/\/ev-innovation-group.com\/en\/wp-json\/wp\/v2\/users\/1"}],"replies":[{"embeddable":true,"href":"https:\/\/ev-innovation-group.com\/en\/wp-json\/wp\/v2\/comments?post=41643"}],"version-history":[{"count":5,"href":"https:\/\/ev-innovation-group.com\/en\/wp-json\/wp\/v2\/pages\/41643\/revisions"}],"predecessor-version":[{"id":41920,"href":"https:\/\/ev-innovation-group.com\/en\/wp-json\/wp\/v2\/pages\/41643\/revisions\/41920"}],"wp:featuredmedia":[{"embeddable":true,"href":"https:\/\/ev-innovation-group.com\/en\/wp-json\/wp\/v2\/media\/41627"}],"wp:attachment":[{"href":"https:\/\/ev-innovation-group.com\/en\/wp-json\/wp\/v2\/media?parent=41643"}],"curies":[{"name":"wp","href":"https:\/\/api.w.org\/{rel}","templated":true}]}}