{"id":41645,"date":"2022-07-26T13:08:51","date_gmt":"2022-07-26T12:08:51","guid":{"rendered":"http:\/\/ev-innovation-group.com\/?page_id=41645"},"modified":"2023-01-10T13:04:45","modified_gmt":"2023-01-10T13:04:45","slug":"oko-strom","status":"publish","type":"page","link":"https:\/\/ev-innovation-group.com\/en\/oko-strom\/","title":{"rendered":"Green Electric"},"content":{"rendered":"<h1>Green Electric<\/h1>\n\n\n\n<p>Green electricity is generated from 100% environmentally friendly, renewable energy sources. These include: Water, wind, sun, geothermal energy, biomass, sewage gas and landfill gas. In contrast to the combustion of fossil fuels, the generation of green electricity is almost CO2-neutral. Green electricity is therefore an integral part of a sustainable energy supply and is considered an important pillar of a sustainable energy policy. This supplies you with 100% ecological electricity from more than 1,500 wind power plants, small hydroelectric power plants, photovoltaic and biogas plants.<\/p>\n\n\n\n<h2>Your Advantages<\/h2>\n\n\n\n<p>Cleaner fresh air to breath, reduced reliance on conventional resources such as gas, oil and nuclear fuels.<\/p>\n\n\n\n<div class=\"wp-container-1 wp-block-buttons\">\n<div class=\"wp-block-button\"><a class=\"wp-block-button__link has-background\" href=\"https:\/\/ev-innovation-group.com\/en\/kontakt\/\" style=\"border-radius:0px;background-color:#2fbba6\">Contact Us<\/a><\/div>\n<\/div>","protected":false},"excerpt":{"rendered":"<p>\u00d6ko-Strom \u00d6ko-Sstrom wird zu 100 % aus umweltfreundlichen, erneuerbaren Energiequellen erzeugt. Dazu geh\u00f6ren: Wasser, Wind, Sonne, Geothermie, Biomasse, Kl\u00e4rgas und Deponiegas. Im Gegensatz zur Verbrennung von fossilen Energietr\u00e4gern ist die Erzeugung von \u00d6kostrom nahezu CO2-neutral. \u00d6kostrom ist daher ein integraler Bestandteil einer nachhaltigen Energieversorgung und gilt als wichtiger Pfeiler einer nachhaltigen Energiepolitik. Dieser versorgt Sie [&hellip;]<\/p>","protected":false},"author":1,"featured_media":41625,"parent":0,"menu_order":0,"comment_status":"closed","ping_status":"closed","template":"internal.php","meta":[],"yoast_head":"<!-- This site is optimized with the Yoast SEO plugin v19.6 - https:\/\/yoast.com\/wordpress\/plugins\/seo\/ -->\n<title>\u00d6ko-Strom - EVIG<\/title>\n<meta name=\"robots\" content=\"index, follow, max-snippet:-1, max-image-preview:large, max-video-preview:-1\" \/>\n<link rel=\"canonical\" href=\"https:\/\/ev-innovation-group.com\/en\/oko-strom\/\" \/>\n<meta property=\"og:locale\" content=\"en_GB\" \/>\n<meta property=\"og:type\" content=\"article\" \/>\n<meta property=\"og:title\" content=\"\u00d6ko-Strom - EVIG\" \/>\n<meta property=\"og:description\" content=\"\u00d6ko-Strom \u00d6ko-Sstrom wird zu 100 % aus umweltfreundlichen, erneuerbaren Energiequellen erzeugt. Dazu geh\u00f6ren: Wasser, Wind, Sonne, Geothermie, Biomasse, Kl\u00e4rgas und Deponiegas. Im Gegensatz zur Verbrennung von fossilen Energietr\u00e4gern ist die Erzeugung von \u00d6kostrom nahezu CO2-neutral. \u00d6kostrom ist daher ein integraler Bestandteil einer nachhaltigen Energieversorgung und gilt als wichtiger Pfeiler einer nachhaltigen Energiepolitik. Dieser versorgt Sie [&hellip;]\" \/>\n<meta property=\"og:url\" content=\"https:\/\/ev-innovation-group.com\/en\/oko-strom\/\" \/>\n<meta property=\"og:site_name\" content=\"EVIG\" \/>\n<meta property=\"article:modified_time\" content=\"2023-01-10T13:04:45+00:00\" \/>\n<meta property=\"og:image\" content=\"https:\/\/ev-innovation-group.com\/wp-content\/uploads\/2022\/07\/img-oko-Strom.jpg\" \/>\n\t<meta property=\"og:image:width\" content=\"497\" \/>\n\t<meta property=\"og:image:height\" content=\"795\" \/>\n\t<meta property=\"og:image:type\" content=\"image\/jpeg\" \/>\n<meta name=\"twitter:card\" content=\"summary_large_image\" \/>\n<meta name=\"twitter:label1\" content=\"Estimated reading time\" \/>\n\t<meta name=\"twitter:data1\" content=\"1 minute\" \/>\n<script type=\"application\/ld+json\" class=\"yoast-schema-graph\">{\"@context\":\"https:\/\/schema.org\",\"@graph\":[{\"@type\":\"WebPage\",\"@id\":\"https:\/\/ev-innovation-group.com\/oko-strom\/\",\"url\":\"https:\/\/ev-innovation-group.com\/oko-strom\/\",\"name\":\"\u00d6ko-Strom - EVIG\",\"isPartOf\":{\"@id\":\"https:\/\/ev-innovation-group.com\/#website\"},\"datePublished\":\"2022-07-26T12:08:51+00:00\",\"dateModified\":\"2023-01-10T13:04:45+00:00\",\"breadcrumb\":{\"@id\":\"https:\/\/ev-innovation-group.com\/oko-strom\/#breadcrumb\"},\"inLanguage\":\"en-GB\",\"potentialAction\":[{\"@type\":\"ReadAction\",\"target\":[\"https:\/\/ev-innovation-group.com\/oko-strom\/\"]}]},{\"@type\":\"BreadcrumbList\",\"@id\":\"https:\/\/ev-innovation-group.com\/oko-strom\/#breadcrumb\",\"itemListElement\":[{\"@type\":\"ListItem\",\"position\":1,\"name\":\"Home\",\"item\":\"https:\/\/ev-innovation-group.com\/\"},{\"@type\":\"ListItem\",\"position\":2,\"name\":\"\u00d6ko-Strom\"}]},{\"@type\":\"WebSite\",\"@id\":\"https:\/\/ev-innovation-group.com\/#website\",\"url\":\"https:\/\/ev-innovation-group.com\/\",\"name\":\"EVIG\",\"description\":\"Just another WordPress site\",\"potentialAction\":[{\"@type\":\"SearchAction\",\"target\":{\"@type\":\"EntryPoint\",\"urlTemplate\":\"https:\/\/ev-innovation-group.com\/?s={search_term_string}\"},\"query-input\":\"required name=search_term_string\"}],\"inLanguage\":\"en-GB\"}]}<\/script>\n<!-- \/ Yoast SEO plugin. -->","yoast_head_json":{"title":"\u00d6ko-Strom - EVIG","robots":{"index":"index","follow":"follow","max-snippet":"max-snippet:-1","max-image-preview":"max-image-preview:large","max-video-preview":"max-video-preview:-1"},"canonical":"https:\/\/ev-innovation-group.com\/en\/oko-strom\/","og_locale":"en_GB","og_type":"article","og_title":"\u00d6ko-Strom - EVIG","og_description":"\u00d6ko-Strom \u00d6ko-Sstrom wird zu 100 % aus umweltfreundlichen, erneuerbaren Energiequellen erzeugt. Dazu geh\u00f6ren: Wasser, Wind, Sonne, Geothermie, Biomasse, Kl\u00e4rgas und Deponiegas. Im Gegensatz zur Verbrennung von fossilen Energietr\u00e4gern ist die Erzeugung von \u00d6kostrom nahezu CO2-neutral. \u00d6kostrom ist daher ein integraler Bestandteil einer nachhaltigen Energieversorgung und gilt als wichtiger Pfeiler einer nachhaltigen Energiepolitik. Dieser versorgt Sie [&hellip;]","og_url":"https:\/\/ev-innovation-group.com\/en\/oko-strom\/","og_site_name":"EVIG","article_modified_time":"2023-01-10T13:04:45+00:00","og_image":[{"width":497,"height":795,"url":"https:\/\/ev-innovation-group.com\/wp-content\/uploads\/2022\/07\/img-oko-Strom.jpg","type":"image\/jpeg"}],"twitter_card":"summary_large_image","twitter_misc":{"Estimated reading time":"1 minute"},"schema":{"@context":"https:\/\/schema.org","@graph":[{"@type":"WebPage","@id":"https:\/\/ev-innovation-group.com\/oko-strom\/","url":"https:\/\/ev-innovation-group.com\/oko-strom\/","name":"\u00d6ko-Strom - EVIG","isPartOf":{"@id":"https:\/\/ev-innovation-group.com\/#website"},"datePublished":"2022-07-26T12:08:51+00:00","dateModified":"2023-01-10T13:04:45+00:00","breadcrumb":{"@id":"https:\/\/ev-innovation-group.com\/oko-strom\/#breadcrumb"},"inLanguage":"en-GB","potentialAction":[{"@type":"ReadAction","target":["https:\/\/ev-innovation-group.com\/oko-strom\/"]}]},{"@type":"BreadcrumbList","@id":"https:\/\/ev-innovation-group.com\/oko-strom\/#breadcrumb","itemListElement":[{"@type":"ListItem","position":1,"name":"Home","item":"https:\/\/ev-innovation-group.com\/"},{"@type":"ListItem","position":2,"name":"\u00d6ko-Strom"}]},{"@type":"WebSite","@id":"https:\/\/ev-innovation-group.com\/#website","url":"https:\/\/ev-innovation-group.com\/","name":"EVIG","description":"Just another WordPress site","potentialAction":[{"@type":"SearchAction","target":{"@type":"EntryPoint","urlTemplate":"https:\/\/ev-innovation-group.com\/?s={search_term_string}"},"query-input":"required name=search_term_string"}],"inLanguage":"en-GB"}]}},"_links":{"self":[{"href":"https:\/\/ev-innovation-group.com\/en\/wp-json\/wp\/v2\/pages\/41645"}],"collection":[{"href":"https:\/\/ev-innovation-group.com\/en\/wp-json\/wp\/v2\/pages"}],"about":[{"href":"https:\/\/ev-innovation-group.com\/en\/wp-json\/wp\/v2\/types\/page"}],"author":[{"embeddable":true,"href":"https:\/\/ev-innovation-group.com\/en\/wp-json\/wp\/v2\/users\/1"}],"replies":[{"embeddable":true,"href":"https:\/\/ev-innovation-group.com\/en\/wp-json\/wp\/v2\/comments?post=41645"}],"version-history":[{"count":5,"href":"https:\/\/ev-innovation-group.com\/en\/wp-json\/wp\/v2\/pages\/41645\/revisions"}],"predecessor-version":[{"id":41919,"href":"https:\/\/ev-innovation-group.com\/en\/wp-json\/wp\/v2\/pages\/41645\/revisions\/41919"}],"wp:featuredmedia":[{"embeddable":true,"href":"https:\/\/ev-innovation-group.com\/en\/wp-json\/wp\/v2\/media\/41625"}],"wp:attachment":[{"href":"https:\/\/ev-innovation-group.com\/en\/wp-json\/wp\/v2\/media?parent=41645"}],"curies":[{"name":"wp","href":"https:\/\/api.w.org\/{rel}","templated":true}]}}