{"id":41896,"date":"2023-01-06T13:24:00","date_gmt":"2023-01-06T13:24:00","guid":{"rendered":"http:\/\/ev-innovation-group.com\/?page_id=41896"},"modified":"2023-09-27T13:39:37","modified_gmt":"2023-09-27T12:39:37","slug":"impressum","status":"publish","type":"page","link":"https:\/\/ev-innovation-group.com\/en\/impressum\/","title":{"rendered":"Company Details"},"content":{"rendered":"<h1>Company Details<\/h1>\n\n\n\n<h3><strong>Verantwortlich f\u00fcr die Gestaltung und den Inhalt:<\/strong><\/h3>\n\n\n\n<p>Angaben gem\u00e4\u00df \u00a7 5 TMG und \u00a7 55 Absatz 2 RStV<\/p>\n\n\n\n<p><strong>EV-IG GmbH<\/strong><\/p>\n\n\n\n<p>Isekai 1a<\/p>\n\n\n\n<p>DE 20249 Hamburg<br>E-Mail:\u00a0info@ev-ig.com<\/p>\n\n\n\n<p>CEO: Liliana Fortich &amp; Raymond Lucas<\/p>\n\n\n\n<p>Eintragung im Handelsregister: Amtsgericht Hamburg<\/p>\n\n\n\n<p>HRB 155937<\/p>\n\n\n\n<p>Ust-IdNr.: DE 322 578 284<\/p>\n\n\n\n<p>EORI Nummer: DE790952062244479<\/p>\n\n\n\n<p>Online-Beilegung von Streitigkeiten nach Art. 14 Abs. 1 Verordnung \u00fcber die alternative Streitbeilegung f\u00fcr Verbraucher: Die Europ\u00e4ische Kommission stellt eine Plattform f\u00fcr die Online-Beilegung von Streitigkeiten zur Verf\u00fcgung, die unter&nbsp;<a href=\"http:\/\/ec.europa.eu\/consumers\/odr\/\" target=\"_blank\" rel=\"noreferrer noopener\">http:\/\/ec.europa.eu\/consumers\/odr\/<\/a>&nbsp;.<\/p>\n\n\n\n<p>Wir verwenden auf unserer Website Bilder der folgenden Bildagenturen: fotolia.com, shutterstock.com, stock.adobe.com, stocksnap.io<\/p>\n\n\n\n<p>Das Impressum gilt auch f\u00fcr folgende Social-Media-Kan\u00e4le:<\/p>\n\n\n\n<ul><li><a href=\"https:\/\/www.facebook.com\/EVIGGmbH\/\">Facebook<\/a><\/li><li><a href=\"https:\/\/www.instagram.com\/eviggmbh\/\" target=\"_blank\" rel=\"noreferrer noopener\">Instagram<\/a><\/li><li><a href=\"https:\/\/www.linkedin.com\/company\/70445237\/\" target=\"_blank\" rel=\"noreferrer noopener\">LinkedIn<\/a><\/li><\/ul>\n\n\n\n<h3>Haftungsausschluss<\/h3>\n\n\n\n<h4>HAFTUNG F\u00dcR INHALTE<\/h4>\n\n\n\n<p>Die Inhalte unserer Seiten wurden mit gr\u00f6\u00dfter Sorgfalt erstellt. F\u00fcr die Richtigkeit, Vollst\u00e4ndigkeit und Aktualit\u00e4t der Inhalte k\u00f6nnen wir jedoch keine Gew\u00e4hr \u00fcbernehmen. Als Diensteanbieter sind wir gem\u00e4\u00df \u00a7 7 Abs.1 TMG f\u00fcr eigene Inhalte auf diesen Seiten nach den allgemeinen Gesetzen verantwortlich. Nach \u00a7\u00a7 8 bis 10 TMG sind wir als Diensteanbieter jedoch nicht verpflichtet, \u00fcbermittelte oder gespeicherte fremde Informationen zu \u00fcberwachen oder nach Umst\u00e4nden zu forschen, die auf eine rechtswidrige T\u00e4tigkeit hinweisen. Verpflichtungen zur Entfernung oder Sperrung der Nutzung von Informationen nach den allgemeinen Gesetzen bleiben hiervon unber\u00fchrt. Eine diesbez\u00fcgliche Haftung ist jedoch erst ab dem Zeitpunkt der Kenntnis einer konkreten Rechtsverletzung m\u00f6glich. Bei Bekanntwerden von entsprechenden Rechtsverletzungen werden wir diese Inhalte umgehend entfernen.<\/p>\n\n\n\n<h4>HAFTUNG F\u00dcR LINKS<\/h4>\n\n\n\n<p>Unser Angebot enth\u00e4lt Links zu externen Webseiten Dritter, auf deren Inhalte wir keinen Einfluss haben. Deshalb k\u00f6nnen wir f\u00fcr diese fremden Inhalte auch keine Gew\u00e4hr \u00fcbernehmen. F\u00fcr die Inhalte der verlinkten Seiten ist stets der jeweilige Anbieter oder Betreiber der Seiten verantwortlich. Die verlinkten Seiten wurden zum Zeitpunkt der Verlinkung auf m\u00f6gliche Rechtsverst\u00f6\u00dfe \u00fcberpr\u00fcft. Rechtswidrige Inhalte waren zum Zeitpunkt der Verlinkung nicht erkennbar. Eine permanente inhaltliche Kontrolle der verlinkten Seiten ist jedoch ohne konkrete Anhaltspunkte einer Rechtsverletzung nicht zumutbar. Bei Bekanntwerden von Rechtsverletzungen werden wir derartige Links umgehend entfernen.<\/p>\n\n\n\n<h4>URHEBERRECHT<\/h4>\n\n\n\n<p>Die durch die Seitenbetreiber erstellten Inhalte und Werke auf diesen Seiten unterliegen dem deutschen Urheberrecht. Die Vervielf\u00e4ltigung, Bearbeitung, Verbreitung und jede Art der Verwertung au\u00dferhalb der Grenzen des Urheberrechtes bed\u00fcrfen der schriftlichen Zustimmung des jeweiligen Autors bzw. Erstellers. Downloads und Kopien dieser Seite sind nur f\u00fcr den privaten, nicht kommerziellen Gebrauch gestattet. Soweit die Inhalte auf dieser Seite nicht vom Betreiber erstellt wurden, werden die Urheberrechte Dritter beachtet. Insbesondere werden Inhalte Dritter als solche gekennzeichnet. Sollten Sie trotzdem auf eine Urheberrechtsverletzung aufmerksam werden, bitten wir um einen entsprechenden Hinweis. Bei Bekanntwerden von Rechtsverletzungen werden wir derartige Inhalte umgehend entfernen.<\/p>\n\n\n\n<h4>GOOGLE ANALYTICS<\/h4>\n\n\n\n<p>Diese Website benutzt Google Analytics, einen Webanalysedienst der Google Inc. (&#8220;Google&#8220;). Google Analytics verwendet sog. &#8220;Cookies&#8220;, Textdateien, die auf Ihrem Computer gespeichert werden und die eine Analyse der Benutzung der Website durch Sie erm\u00f6glicht. Die durch den Cookie erzeugten Informationen \u00fcber Ihre Benutzung dieser Website (einschlie\u00dflich Ihrer IP-Adresse) wird an einen Server von Google in den USA \u00fcbertragen und dort gespeichert. Google wird diese Informationen benutzen, um Ihre Nutzung der Website auszuwerten, um Reports \u00fcber die Websiteaktivit\u00e4ten f\u00fcr die Websitebetreiber zusammenzustellen und um weitere mit der Websitenutzung und der Internetnutzung verbundene Dienstleistungen zu erbringen. Auch wird Google diese Informationen gegebenenfalls an Dritte \u00fcbertragen, sofern dies gesetzlich vorgeschrieben oder soweit Dritte diese Daten im Auftrag von Google verarbeiten. Google wird in keinem Fall Ihre IP-Adresse mit anderen Daten der Google in Verbindung bringen. Sie k\u00f6nnen die Installation der Cookies durch eine entsprechende Einstellung Ihrer Browser Software verhindern; wir weisen Sie jedoch darauf hin, dass Sie in diesem Fall gegebenenfalls nicht s\u00e4mtliche Funktionen dieser Website voll umf\u00e4nglich nutzen k\u00f6nnen. Durch die Nutzung dieser Website erkl\u00e4ren Sie sich mit der Bearbeitung der \u00fcber Sie erhobenen Daten durch Google in der zuvor beschriebenen Art und Weise und zu dem zuvor benannten Zweck einverstanden.<\/p>\n\n\n\n<h4>GOOGLE ADSENSE<\/h4>\n\n\n\n<p>Diese Website benutzt Google Adsense, einen Webanzeigendienst der Google Inc., USA (&#8220;Google&#8220;). Google Adsense verwendet sog. &#8220;Cookies&#8220; (Textdateien), die auf Ihrem Computer gespeichert werden und die eine Analyse der Benutzung der Website durch Sie erm\u00f6glicht. Google Adsense verwendet auch sog. &#8220;Web Beacons&#8220; (kleine unsichtbare Grafiken) zur Sammlung von Informationen. Durch die Verwendung des Web Beacons k\u00f6nnen einfache Aktionen wie der Besucherverkehr auf der Webseite aufgezeichnet und gesammelt werden. Die durch den Cookie und\/oder Web Beacon erzeugten Informationen \u00fcber Ihre Benutzung dieser Website (einschlie\u00dflich Ihrer IP-Adresse) werden an einen Server von Google in den USA \u00fcbertragen und dort gespeichert. Google wird diese Informationen benutzen, um Ihre Nutzung der Website im Hinblick auf die Anzeigen auszuwerten, um Reports \u00fcber die Websiteaktivit\u00e4ten und Anzeigen f\u00fcr die Websitebetreiber zusammenzustellen und um weitere mit der Websitenutzung und der Internetnutzung verbundene Dienstleistungen zu erbringen. Auch wird Google diese Informationen gegebenenfalls an Dritte \u00fcbertragen, sofern dies gesetzlich vorgeschrieben oder soweit Dritte diese Daten im Auftrag von Google verarbeiten. Google wird in keinem Fall Ihre IP-Adresse mit anderen Daten der Google in Verbindung bringen. Das Speichern von Cookies auf Ihrer Festplatte und die Anzeige von Web Beacons k\u00f6nnen Sie verhindern, indem Sie in Ihren Browser-Einstellungen &#8220;keine Cookies akzeptieren&#8220; w\u00e4hlen (Im MS Internet-Explorer unter &#8220;Extras &gt; Internetoptionen &gt; Datenschutz &gt; Einstellung&#8220;; im Firefox unter &#8220;Extras &gt; Einstellungen &gt; Datenschutz &gt; Cookies&#8220;); wir weisen Sie jedoch darauf hin, dass Sie in diesem Fall gegebenenfalls nicht s\u00e4mtliche Funktionen dieser Website voll umf\u00e4nglich nutzen k\u00f6nnen. Durch die Nutzung dieser Website erkl\u00e4ren Sie sich mit der Bearbeitung der \u00fcber Sie erhobenen Daten durch Google in der zuvor beschriebenen Art und Weise und zu dem zuvor benannten Zweck einverstanden.<\/p>","protected":false},"excerpt":{"rendered":"<p>Impressum Verantwortlich f\u00fcr die Gestaltung und den Inhalt: Angaben gem\u00e4\u00df \u00a7 5 TMG und \u00a7 55 Absatz 2 RStV EV-IG GmbH Isekai 1a DE 20249 HamburgE-Mail:\u00a0info@ev-ig.com CEO: Liliana Fortich &amp; Raymond Lucas Eintragung im Handelsregister: Amtsgericht Hamburg HRB 155937 Ust-IdNr.: DE 322 578 284 EORI Nummer: DE790952062244479 Online-Beilegung von Streitigkeiten nach Art. 14 Abs. 1 [&hellip;]<\/p>","protected":false},"author":1,"featured_media":0,"parent":0,"menu_order":0,"comment_status":"closed","ping_status":"closed","template":"content.php","meta":[],"yoast_head":"<!-- This site is optimized with the Yoast SEO plugin v19.6 - https:\/\/yoast.com\/wordpress\/plugins\/seo\/ -->\n<title>Impressum - EVIG<\/title>\n<meta name=\"robots\" content=\"index, follow, max-snippet:-1, max-image-preview:large, max-video-preview:-1\" \/>\n<link rel=\"canonical\" href=\"https:\/\/ev-innovation-group.com\/en\/impressum\/\" \/>\n<meta property=\"og:locale\" content=\"en_GB\" \/>\n<meta property=\"og:type\" content=\"article\" \/>\n<meta property=\"og:title\" content=\"Impressum - EVIG\" \/>\n<meta property=\"og:description\" content=\"Impressum Verantwortlich f\u00fcr die Gestaltung und den Inhalt: Angaben gem\u00e4\u00df \u00a7 5 TMG und \u00a7 55 Absatz 2 RStV EV-IG GmbH Isekai 1a DE 20249 HamburgE-Mail:\u00a0info@ev-ig.com CEO: Liliana Fortich &amp; Raymond Lucas Eintragung im Handelsregister: Amtsgericht Hamburg HRB 155937 Ust-IdNr.: DE 322 578 284 EORI Nummer: DE790952062244479 Online-Beilegung von Streitigkeiten nach Art. 14 Abs. 1 [&hellip;]\" \/>\n<meta property=\"og:url\" content=\"https:\/\/ev-innovation-group.com\/en\/impressum\/\" \/>\n<meta property=\"og:site_name\" content=\"EVIG\" \/>\n<meta property=\"article:modified_time\" content=\"2023-09-27T12:39:37+00:00\" \/>\n<meta name=\"twitter:card\" content=\"summary_large_image\" \/>\n<meta name=\"twitter:label1\" content=\"Estimated reading time\" \/>\n\t<meta name=\"twitter:data1\" content=\"4 minutes\" \/>\n<script type=\"application\/ld+json\" class=\"yoast-schema-graph\">{\"@context\":\"https:\/\/schema.org\",\"@graph\":[{\"@type\":\"WebPage\",\"@id\":\"https:\/\/ev-innovation-group.com\/impressum\/\",\"url\":\"https:\/\/ev-innovation-group.com\/impressum\/\",\"name\":\"Impressum - EVIG\",\"isPartOf\":{\"@id\":\"https:\/\/ev-innovation-group.com\/#website\"},\"datePublished\":\"2023-01-06T13:24:00+00:00\",\"dateModified\":\"2023-09-27T12:39:37+00:00\",\"breadcrumb\":{\"@id\":\"https:\/\/ev-innovation-group.com\/impressum\/#breadcrumb\"},\"inLanguage\":\"en-GB\",\"potentialAction\":[{\"@type\":\"ReadAction\",\"target\":[\"https:\/\/ev-innovation-group.com\/impressum\/\"]}]},{\"@type\":\"BreadcrumbList\",\"@id\":\"https:\/\/ev-innovation-group.com\/impressum\/#breadcrumb\",\"itemListElement\":[{\"@type\":\"ListItem\",\"position\":1,\"name\":\"Home\",\"item\":\"https:\/\/ev-innovation-group.com\/\"},{\"@type\":\"ListItem\",\"position\":2,\"name\":\"Impressum\"}]},{\"@type\":\"WebSite\",\"@id\":\"https:\/\/ev-innovation-group.com\/#website\",\"url\":\"https:\/\/ev-innovation-group.com\/\",\"name\":\"EVIG\",\"description\":\"Just another WordPress site\",\"potentialAction\":[{\"@type\":\"SearchAction\",\"target\":{\"@type\":\"EntryPoint\",\"urlTemplate\":\"https:\/\/ev-innovation-group.com\/?s={search_term_string}\"},\"query-input\":\"required name=search_term_string\"}],\"inLanguage\":\"en-GB\"}]}<\/script>\n<!-- \/ Yoast SEO plugin. -->","yoast_head_json":{"title":"Impressum - EVIG","robots":{"index":"index","follow":"follow","max-snippet":"max-snippet:-1","max-image-preview":"max-image-preview:large","max-video-preview":"max-video-preview:-1"},"canonical":"https:\/\/ev-innovation-group.com\/en\/impressum\/","og_locale":"en_GB","og_type":"article","og_title":"Impressum - EVIG","og_description":"Impressum Verantwortlich f\u00fcr die Gestaltung und den Inhalt: Angaben gem\u00e4\u00df \u00a7 5 TMG und \u00a7 55 Absatz 2 RStV EV-IG GmbH Isekai 1a DE 20249 HamburgE-Mail:\u00a0info@ev-ig.com CEO: Liliana Fortich &amp; Raymond Lucas Eintragung im Handelsregister: Amtsgericht Hamburg HRB 155937 Ust-IdNr.: DE 322 578 284 EORI Nummer: DE790952062244479 Online-Beilegung von Streitigkeiten nach Art. 14 Abs. 1 [&hellip;]","og_url":"https:\/\/ev-innovation-group.com\/en\/impressum\/","og_site_name":"EVIG","article_modified_time":"2023-09-27T12:39:37+00:00","twitter_card":"summary_large_image","twitter_misc":{"Estimated reading time":"4 minutes"},"schema":{"@context":"https:\/\/schema.org","@graph":[{"@type":"WebPage","@id":"https:\/\/ev-innovation-group.com\/impressum\/","url":"https:\/\/ev-innovation-group.com\/impressum\/","name":"Impressum - EVIG","isPartOf":{"@id":"https:\/\/ev-innovation-group.com\/#website"},"datePublished":"2023-01-06T13:24:00+00:00","dateModified":"2023-09-27T12:39:37+00:00","breadcrumb":{"@id":"https:\/\/ev-innovation-group.com\/impressum\/#breadcrumb"},"inLanguage":"en-GB","potentialAction":[{"@type":"ReadAction","target":["https:\/\/ev-innovation-group.com\/impressum\/"]}]},{"@type":"BreadcrumbList","@id":"https:\/\/ev-innovation-group.com\/impressum\/#breadcrumb","itemListElement":[{"@type":"ListItem","position":1,"name":"Home","item":"https:\/\/ev-innovation-group.com\/"},{"@type":"ListItem","position":2,"name":"Impressum"}]},{"@type":"WebSite","@id":"https:\/\/ev-innovation-group.com\/#website","url":"https:\/\/ev-innovation-group.com\/","name":"EVIG","description":"Just another WordPress site","potentialAction":[{"@type":"SearchAction","target":{"@type":"EntryPoint","urlTemplate":"https:\/\/ev-innovation-group.com\/?s={search_term_string}"},"query-input":"required name=search_term_string"}],"inLanguage":"en-GB"}]}},"_links":{"self":[{"href":"https:\/\/ev-innovation-group.com\/en\/wp-json\/wp\/v2\/pages\/41896"}],"collection":[{"href":"https:\/\/ev-innovation-group.com\/en\/wp-json\/wp\/v2\/pages"}],"about":[{"href":"https:\/\/ev-innovation-group.com\/en\/wp-json\/wp\/v2\/types\/page"}],"author":[{"embeddable":true,"href":"https:\/\/ev-innovation-group.com\/en\/wp-json\/wp\/v2\/users\/1"}],"replies":[{"embeddable":true,"href":"https:\/\/ev-innovation-group.com\/en\/wp-json\/wp\/v2\/comments?post=41896"}],"version-history":[{"count":2,"href":"https:\/\/ev-innovation-group.com\/en\/wp-json\/wp\/v2\/pages\/41896\/revisions"}],"predecessor-version":[{"id":41941,"href":"https:\/\/ev-innovation-group.com\/en\/wp-json\/wp\/v2\/pages\/41896\/revisions\/41941"}],"wp:attachment":[{"href":"https:\/\/ev-innovation-group.com\/en\/wp-json\/wp\/v2\/media?parent=41896"}],"curies":[{"name":"wp","href":"https:\/\/api.w.org\/{rel}","templated":true}]}}